{"id":33,"date":"2014-05-30T13:36:56","date_gmt":"2014-05-30T13:36:56","guid":{"rendered":"http:\/\/nesara.nl\/info\/?page_id=33"},"modified":"2014-05-30T14:13:25","modified_gmt":"2014-05-30T14:13:25","slug":"de-nieuwe-wereldorde","status":"publish","type":"page","link":"https:\/\/nesara.nl\/info\/de-nieuwe-wereldorde\/","title":{"rendered":"De Nieuwe Wereldorde"},"content":{"rendered":"<div class=\"textFont\">\n<p>Dit hoofdstuk zouden we liever niet willen schrijven; het is geen leuk onderwerp. Maar om de informatie rond NESARA een beetje compleet te krijgen, is het nodig dat de waarheid boven tafel komt. We hebben veel research gedaan naar dit onderwerp en de meest doorwrochte en gedocumenteerde informatie staat naar ons idee op <a href=\"http:\/\/home.uwnet.nl\/~oldhag\" target=\"_blank\">http:\/\/home.uwnet.nl\/~oldhag<\/a>\u00a0 Het meeste van wat hieronder staat is dan ook hieraan ontleend.<\/p>\n<p>Sinds ongeveer 250 jaar is er in de westerse wereld een streven van verschillende groepen naar \u00e9\u00e9n wereldregering, bij voorkeur met een \u00e9\u00e9nhoofdig leiderschap. Er zijn drie machtsgroepen die dit al geruime tijd voorbereiden:<\/p>\n<ol>\n<li><b>de Orde der <a title=\"De illuminatie\u00a0\" href=\"https:\/\/nesara.nl\/info\/de-nieuwe-wereldorde\/#illuminatie\">Illuminati<\/a><\/b><\/li>\n<li><b>De Council of Foreign Relationships (<a href=\"#CFR\">CFR<\/a>)<\/b><\/li>\n<li><b>De Ronde Tafel Conferenties met o.a. &#8211; de Trilaterale Commissie; &#8211; de <a href=\"#bilderberg\">Bilderberg-groep<\/a><\/b><\/li>\n<\/ol>\n<p>&nbsp;<\/p>\n<p><a name=\"illuminatie\"><\/a><b><i>De Orde der Illuminati.<\/i><\/b><\/p>\n<p>Opgericht in Beieren op 1 mei 1776 door professor <span style=\"text-decoration: underline;\">Adam Weishaupt<\/span>. Deze man was door de Jezu\u00efeten opgevoed en had grote bewondering voor hun systeem van een \u00e9\u00e9nhoofdige leiding, die alle afdelingen op de hele wereld ordelijk bestuurde. Hij werd be\u00efnvloed door de idee\u00ebn van Rousseau, een radicaal denker uit de Franse Verlichting, die uiterst kritisch was naar de toenmalige maatschappij. Echter Weishaupt ging verder dan Rousseau: hij ontwikkelde een economisch principe, waarmee hij de hele wereld in z&#8217;n macht wilde krijgen. De Orde der Illuminati (=&#8221;Verlichten&#8221;), die hij oprichtte, was en is een geheim genootschap, uiteraard onder (zijn) \u00e9\u00e9nhoofdige leiding, <span style=\"text-decoration: underline;\">Louis Blanc<\/span>, een Frans socialist, noemde Weishaupt: <i>&#8220;de meest grondige samenzweerder die er ooit heeft bestaan&#8221;. <\/i>Er waren in die tijd vele geheime genootschappen, waaraan vooral intellectuelen met graagte aan deelnamen, zodat de Orde zich dan ook snel uitbreidde tot in de hoogste kringen van het toenmalige Europa. Hun doelstelling:<\/p>\n<p><i>&#8220;Omverwerping van democratische regeringen om dan, in de enorme chaos die zou volgen, die de massa zou doen roepen om een &#8220;sterke man&#8221;, z\u00e9lf de macht te grijpen en een werelddictatuur in te stellen&#8221;.<\/i><\/p>\n<p>Weishaupt loodste zijn Orde binnen in een ander geheim genootschap, n.l. een Vrijmetselaarsloge, die als dekmantel diende voor zijn activiteiten. Negen jaar na de oprichting van de Orde werkten al duizenden Europeanen samen aan het verwezenlijken van Weishaupt&#8217;s doelstellingen. In 1785 vond er een scheuring plaats: enkele leden stapten uit de Orde, omdat ze de druk niet meer konden verdragen. De volgende uitspraak is tekenend:<\/p>\n<p><i>&#8220;Elke mogelijkheid werd benut om tweedracht te zaaien, niet alleen tussen regering en onderdanen, maar ook tussen ministers en departementen en z\u00e9lfs tussen ouders en kinderen&#8221;.<\/i><\/p>\n<p>De Orde had grote invloed op de Franse revolutie ( 1789 &#8211; 1794) en eveneens op de tot standkoming van het &#8220;Communistisch Manifest&#8221;, geschreven door Karl Marx. Het is niet duidelijk of Marx ook behoorde tot de ingewijdenen van de Orde, of dat hij &#8220;slechts&#8221; werd be\u00efnvloed door leden van de Orde. Het hoofdkwartier van de Orde verhuisde later naar de V.S.van Amerika en het machtscentrum werd piramidaal georganiseerd. Op het 1 dollarbiljet staat nog steeds het symbool van de Orde: een driehoek met daarin het alziend oog, met daaromheen de woorden: <i>&#8220;Annuit Caeptis &#8211; Nous Orda Seclarum&#8221; <\/i>= Aankondiging van de geboorte van de Nieuwe Wereldorde.Vergezeld van het jaartal 1776.<\/p>\n<p>De Orde der Illuminati bestaat uit concentrische cirkels. De middelste cirkel is een zeer kleine groep ingewijden, met als centraal persoon de leider. Deze leider is niet bekend bij andere leden buiten deze intimi. Daaromheen is een tweede cirkel, de leden hiervan denken dat zij de binnenste cirkel zijn. Daaromheen komen steeds andere cirkels, en niemand weet wie er boven hen staan. De leden nemen na hun inwijding klassieke namen aan. Zo noemde Weishaupt zich &#8220;Spartacus&#8221;en publiceerde ook onder die naam. Ze veranderen ook plaatsnamen en gebruiken de Perzische kalender. Dit alles om geheimhouding te garanderen.<br \/>\nIn elke grote stad van de V.S. bestaat inmiddels zo&#8217;n geheim netwerk. Leden van de orde nemen deel aan allerlei charitatieve activiteiten, waardoor ze ook ongemerkt handlangers werven, die voor hen dingen doen, zonder dat de uitvoerders ook maar het idee hebben wie of wat er achter hun opdrachtgever zit.<\/p>\n<p>De leden van de Orde bestaan uit superbankiers, die alle landen van de wereld controleren, ook Rusland en China. De huidige voorzitter van de orde is <span style=\"text-decoration: underline;\">David Rockefeller<\/span>. Hij is tevens voorzitter van de Council of Foreign Relationships, van de Chase Manhattan Bank, van de Trilaterale Commissie en van de Ronde Tafel Conferenties. Hij heeft een monopolie positie op alle fronten.<\/p>\n<p>&nbsp;<\/p>\n<p><b><i><a name=\"CFR\"><\/a>De Council of Foreign Relationships.(de Schaduwregering)<\/i><\/b><\/p>\n<p>Ook in een ander Europees land kwam de gedachte aan een \u00e9\u00e9nhoofdig leiderschap boven en wel rond 1870 in de persoon van John Ruskin, een rijke Engelse Socialist, die professor werd aan de Oxford Universiteit van Londen. Hij schrijft:<br \/>\n<i>&#8220;Ik heb er altijd naar gestreefd de eeuwige superioriteit van sommige mensen boven anderen aan te tonen en soms zelfs van EEN man boven ons allen&#8221;<\/i>.<\/p>\n<p>Een groot bewonderaar van hem was <b>Cecil Rhodes<\/b>, (1853 &#8211; 1902) Zuidafrikaans Staatsman. Hij bracht verschillende gebieden van de oorspronkelijke bewoners van dat land onder Brits protectoraat (Bechuanaland, Zulu-gebieden, Matabeleland), zodat hij de mijn- rechten kon verkrijgen voor het winnen van diamant voor zijn onderneming The British South African Company. Er is zelfs een land naar hem genoemd: Rhodesi\u00eb, het huidige Zimbabwe. Een groot deel van zijn enorme vermogen besteedde hij aan het verspreiden van de idee\u00ebn van Ruskin. In 1891 richtte hij een geheim genootschap op: <b>The Round Table<\/b>. De binnenste ring daarvan waren\/zijn de ingewijden. Tal van Ronde Tafel-groepen zijn vervolgens opgericht in het Britse Gemenebest en in de V.S. De groepen in Amerika richtten een aparte organisatie op: <b>The Council of Foreign Relationships<\/b>. (De Raad van Buitenlandse Betrekkingen). Afgekort CFR.<\/p>\n<p>De CFR is een gesloten groep van intellectueel hoogbegaafden, die wereldpolitiek in het groot bedrijven. De ruim 1000 leden bestaan uit : politici, ex-of toekomstige presidenten van de V.S., ministers, senatoren, bankiers, groot-industrielen, leiders van grote kranten, radio-en T.V. stations, economen, filosofen enz.<\/p>\n<p>Het doel van de CFR is globalisering: \u00e9\u00e9n wereldmarkt, \u00e9\u00e9n wereldregering. Dat betekent voor hen dat ook de &#8220;tegenpartij&#8221; betrokken moet worden bij de handel. Zo heeft de CFR bereikt, dat ook de voormalige Sovjet-Unie en de Oostbloklanden betrokken zijn bij de wereldhandel en al in 1965 sprak men binnen de CFR over het aangaan van banden met het communistische China van Mao. Dat betekent dat rustig wapens geleverd kunnen worden aan landen waarmee men in oorlog is. De CFR maakt en breekt regeringen over de hele wereld.<\/p>\n<p>Het CFR werkt echter ook binnenslands. Ze be\u00efnvloeden beide politieke partijen in de V.S.( die dan ook steeds meer op elkaar gaan lijken). In feite bepaalt de CFR wie er tot president gekozen wordt. Wie ook gekozen wordt: de president zal zich slechts kunnen handhaven als hij de CFR-politiek volgt. Iedere president van de V.S. heeft &#8220;een man achter de president&#8221; als voornaamste adviseur van het Witte Huis. Roosevelt werd geadviseerd door de beruchte <span style=\"text-decoration: underline;\">Alger Hiss<\/span>, Kennedy door <span style=\"text-decoration: underline;\">Mc George Brundy<\/span> en <span style=\"text-decoration: underline;\">Arthus Schlesinger<\/span>, Johnson door <span style=\"text-decoration: underline;\">Whitman Rostow<\/span>, Reagan door <span style=\"text-decoration: underline;\">Henry Kissinger<\/span>. Deze internationale groep heeft de binnen-en buitenlandse politiek van de V.S. al meer dan 50 jaar beheerst. De CFR is geworden tot de onzichtbare regering van Amerika \u00e9n van de wereld. <b><i>De Schaduwregering<\/i><\/b>!<\/p>\n<p>Sinds 1921 wordt de CFR gefinancierd door de Federal Reserve Bank.( <i>zie<b> <a title=\"Inkomstenbelasting vs. De Federal Reserve Bank\" href=\"https:\/\/nesara.nl\/info\/de-grondwet-van-de-v-s\/inkomstenbelasting-vs-de-federal-reserve-bank\/\">Inkomstenbelasting<\/a><\/b><\/i>) Negentig procent van de mensen in het State Department en op sleutelposities in de Uitvoerende Tak zijn lid van de CFR. Congreslid John F.Rarick stelde dat de CFR de V.S. willen veranderen van een soevereine, constitutionele republiek in een serviele lidstaat onder een werelddictatorschap. De CFR heeft grote invloed gehad op het ontstaan van de <span style=\"text-decoration: underline;\">Verenigde Naties.<\/span> Dit orgaan is door hen bestemd om de wereld te regeren.<span style=\"text-decoration: underline;\"> James Warburg<\/span> &#8211; bankier en architect van het Federal Reserve Systeem &#8211; stelde in 1950 voor een Senaatscommissie voor Buitenlandse Betrekkingen:&#8221;We zullen \u00e9\u00e9n wereldregering hebben, of je het nu fijn vindt of niet; door middel van strijd of door middel van overeenstemming&#8221;.<\/p>\n<p>&nbsp;<\/p>\n<p><b><i><a name=\"bilderberg\"><\/a>De Bilderberg groep.<\/i><\/b><\/p>\n<p>We gaan hier niet in op de Trilaterale Commissie, om niet te veel in herhalingen te vervallen.<\/p>\n<p>De Bilderberg groep is eveneens voortgekomen uit de Ronde Tafel Conferenties en bestaat uit de elite uit de zakenwereld, uit het bankwezen, uit regeringen en intellectuelen. De eerste keer dat deze groep &#8211; in het geheim &#8211; bij elkaar kwam, was van 29 &#8211; 31 mei 1954 in Hotel Bilderberg te Oosterbeek. Vandaar de naam. Tot voorzitter werd benoemd Prins Bernhard van Lippe Bisterfeld. Na een tijdje leek het er op dat de Bilderberg-groep een eigen leven ging leiden en werd Prins Bernhard op een zijspoor gezet ( de Lockheed-affaire?).<\/p>\n<p>Je kunt niet zomaar lid worden van deze club . Er is een geheimzinnige commissie die elk jaar zo&#8217;n 100 personen zorgvuldig selecteert voor de jaarlijkse conferentie, die ergens in Europa gehouden wordt. De meest recente Conferentie vond plaats van 15 tot 18 mei 2003 in het Trianon Palace Hotel te Versailles ( bij Parijs). Wat doen ze daar? Is het een onschuldige discussieclub van rijke VIP&#8217;s of is het een geheime society die allerlei plannen beramen? Niemand praat daarover. De veiligheidsmaatregelen zijn in handen van een militaire inlichtendienst. Andere gasten, die toevallig in het hotel logeren, worden elders ondergebracht. Tijdelijk personeel wordt naar huis gestuurd. Het vaste personeel krijgt instructie niemand van de gasten uit zichzelf aan te spreken en niemand in de ogen te kijken. Vanwaar die geheimzinnigheid? Er zijn wel eens journalisten doorgedrongen, vermomd als tuinman, maar toen ze hun artikel aanboden aan hun hoofdredacteur, werd het pertinent geweigerd.<\/p>\n<p>En wie zijn daar dan aanwezig? Welnu, er bestaat een lijst van de aanwezigen van de laatste conferentie. (<a href=\"http:\/\/www.awaketheweb.com\" target=\"_blank\">www.awaketheweb.com<\/a>) We noemen hier slechts een paar namen:<\/p>\n<p><i>Frits Bolkenstein<\/i> &#8211; Internationale Markt Commissie ( Europese Cie.)<br \/>\n<span style=\"text-decoration: underline;\">Willy Claes &#8211; <\/span>voormalig Minister in Belgi\u00eb; voormalig Secretaris Generaal NAVO<br \/>\n<span style=\"text-decoration: underline;\">Victor Halberstadt &#8211; <\/span>Prof. Economie Univ.. Leiden; voormalig Secr. Bilderberg<br \/>\n<span style=\"text-decoration: underline;\">De Hoop Scheffer, Jaap G<\/span>.- Minister. van Buitenlandse Zaken<br \/>\n<span style=\"text-decoration: underline;\">Wim Kok<\/span>, &#8211; voormalig. Minister President<br \/>\n<span style=\"text-decoration: underline;\">Anthony Ruys &#8211; <\/span>voorzitter Raad van Bestuur.van Heineken<br \/>\n<span style=\"text-decoration: underline;\">Jeroen van der Veen,<\/span>\u00a0 &#8211; Vice-voorzitter Manag. Directors van Royal Dutch Shell<br \/>\n<span style=\"text-decoration: underline;\">Klaas de Vries &#8211; <\/span>lid van de Partij van de Arbeid<br \/>\n<span style=\"text-decoration: underline;\">H.M.Koningin Beatrix der Nederlanden<\/span> &#8211; namens Royal Dutch Shell,<br \/>\n<span style=\"text-decoration: underline;\">Z.K.H. Prins Philippe van Belgi\u00eb<\/span><br \/>\n<span style=\"text-decoration: underline;\">H.M. de Koningin van Spanj<\/span>e<\/p>\n<p>Uit de V.S. ( dat overigens ruim vertegenwoordigd was) o.a.:<br \/>\n<span style=\"text-decoration: underline;\">Henry A.Kissinger<\/span><br \/>\n<span style=\"text-decoration: underline;\">Richard Perle<\/span> &#8211; lid PNAC<br \/>\n<span style=\"text-decoration: underline;\">David Rockefeller<\/span><br \/>\n<span style=\"text-decoration: underline;\">Paul Wolfowitz<\/span> &#8211; Departement van Defensie<\/p>\n<p>Verder:<br \/>\n<span style=\"text-decoration: underline;\">Anna Lindh<\/span> &#8211; Minister van Buitenlandse Zaken Zweden<br \/>\n<span style=\"text-decoration: underline;\">Paavo Lipponen<\/span> &#8211; voormalig. Minister Presresident Finland<br \/>\n<span style=\"text-decoration: underline;\">Anders Fogh Rasmussen<\/span> &#8211; 1e Minister Denemarken<br \/>\n<span style=\"text-decoration: underline;\">Jacob Wallenberg <\/span>&#8211; namens de Skandinavische Enskilda Banken.<\/p>\n<p>En de voorzitter van die conferentie was: <span style=\"text-decoration: underline;\">Etienne Davignon<\/span> &#8211; Societ\u00e9 Generale de Belgique.<\/p>\n<p>Het lijkt er sterk op dat de Bilderberg-groep een Europese versie is van de CFR.<br \/>\nAlles wat in het geheim besproken wordt onttrekt zich aan controle door de volksvertegenwoordiging. Wie trekt er nu eigenlijk aan de touwtjes?<\/p>\n<\/div>\n<p><!--#include file='..\/cms\/i_footer.asp'--><\/p>\n","protected":false},"excerpt":{"rendered":"<p>Dit hoofdstuk zouden we liever niet willen schrijven; het is geen leuk onderwerp. Maar om de informatie rond NESARA een beetje compleet te krijgen, is het nodig dat de waarheid <a href=\"https:\/\/nesara.nl\/info\/de-nieuwe-wereldorde\/\" class=\"more-link\">[&hellip;]<\/a><\/p>\n","protected":false},"author":2,"featured_media":0,"parent":0,"menu_order":0,"comment_status":"closed","ping_status":"closed","template":"","meta":{"Layout":"","jetpack_post_was_ever_published":false,"footnotes":""},"class_list":["entry","author-moerasgeest","post-33","page","type-page","status-publish"],"yoast_head":"<!-- This site is optimized with the Yoast SEO plugin v27.4 - https:\/\/yoast.com\/product\/yoast-seo-wordpress\/ -->\n<title>De Nieuwe Wereldorde - Nesara<\/title>\n<meta name=\"robots\" content=\"index, follow, max-snippet:-1, max-image-preview:large, max-video-preview:-1\" \/>\n<link rel=\"canonical\" href=\"https:\/\/nesara.nl\/info\/de-nieuwe-wereldorde\/\" \/>\n<meta property=\"og:locale\" content=\"nl_NL\" \/>\n<meta property=\"og:type\" content=\"article\" \/>\n<meta property=\"og:title\" content=\"De Nieuwe Wereldorde - Nesara\" \/>\n<meta property=\"og:description\" content=\"Dit hoofdstuk zouden we liever niet willen schrijven; het is geen leuk onderwerp. Maar om de informatie rond NESARA een beetje compleet te krijgen, is het nodig dat de waarheid [&hellip;]\" \/>\n<meta property=\"og:url\" content=\"https:\/\/nesara.nl\/info\/de-nieuwe-wereldorde\/\" \/>\n<meta property=\"og:site_name\" content=\"Nesara\" \/>\n<meta property=\"article:modified_time\" content=\"2014-05-30T14:13:25+00:00\" \/>\n<meta property=\"og:image\" content=\"https:\/\/i0.wp.com\/nesara.nl\/info\/wp-content\/uploads\/2018\/08\/horizon.jpg?fit=1175%2C400&ssl=1\" \/>\n\t<meta property=\"og:image:width\" content=\"1175\" \/>\n\t<meta property=\"og:image:height\" content=\"400\" \/>\n\t<meta property=\"og:image:type\" content=\"image\/jpeg\" \/>\n<meta name=\"twitter:card\" content=\"summary_large_image\" \/>\n<meta name=\"twitter:site\" content=\"@n_e_s_a_r_a\" \/>\n<meta name=\"twitter:label1\" content=\"Geschatte leestijd\" \/>\n\t<meta name=\"twitter:data1\" content=\"9 minuten\" \/>\n<script type=\"application\/ld+json\" class=\"yoast-schema-graph\">{\"@context\":\"https:\\\/\\\/schema.org\",\"@graph\":[{\"@type\":\"WebPage\",\"@id\":\"https:\\\/\\\/nesara.nl\\\/info\\\/de-nieuwe-wereldorde\\\/\",\"url\":\"https:\\\/\\\/nesara.nl\\\/info\\\/de-nieuwe-wereldorde\\\/\",\"name\":\"De Nieuwe Wereldorde - Nesara\",\"isPartOf\":{\"@id\":\"https:\\\/\\\/nesara.nl\\\/info\\\/#website\"},\"datePublished\":\"2014-05-30T13:36:56+00:00\",\"dateModified\":\"2014-05-30T14:13:25+00:00\",\"breadcrumb\":{\"@id\":\"https:\\\/\\\/nesara.nl\\\/info\\\/de-nieuwe-wereldorde\\\/#breadcrumb\"},\"inLanguage\":\"nl-NL\",\"potentialAction\":[{\"@type\":\"ReadAction\",\"target\":[\"https:\\\/\\\/nesara.nl\\\/info\\\/de-nieuwe-wereldorde\\\/\"]}]},{\"@type\":\"BreadcrumbList\",\"@id\":\"https:\\\/\\\/nesara.nl\\\/info\\\/de-nieuwe-wereldorde\\\/#breadcrumb\",\"itemListElement\":[{\"@type\":\"ListItem\",\"position\":1,\"name\":\"Home\",\"item\":\"https:\\\/\\\/nesara.nl\\\/info\\\/\"},{\"@type\":\"ListItem\",\"position\":2,\"name\":\"De Nieuwe Wereldorde\"}]},{\"@type\":\"WebSite\",\"@id\":\"https:\\\/\\\/nesara.nl\\\/info\\\/#website\",\"url\":\"https:\\\/\\\/nesara.nl\\\/info\\\/\",\"name\":\"Nesara\",\"description\":\"National Economic Security and Reformation Act\",\"potentialAction\":[{\"@type\":\"SearchAction\",\"target\":{\"@type\":\"EntryPoint\",\"urlTemplate\":\"https:\\\/\\\/nesara.nl\\\/info\\\/?s={search_term_string}\"},\"query-input\":{\"@type\":\"PropertyValueSpecification\",\"valueRequired\":true,\"valueName\":\"search_term_string\"}}],\"inLanguage\":\"nl-NL\"}]}<\/script>\n<!-- \/ Yoast SEO plugin. -->","yoast_head_json":{"title":"De Nieuwe Wereldorde - Nesara","robots":{"index":"index","follow":"follow","max-snippet":"max-snippet:-1","max-image-preview":"max-image-preview:large","max-video-preview":"max-video-preview:-1"},"canonical":"https:\/\/nesara.nl\/info\/de-nieuwe-wereldorde\/","og_locale":"nl_NL","og_type":"article","og_title":"De Nieuwe Wereldorde - Nesara","og_description":"Dit hoofdstuk zouden we liever niet willen schrijven; het is geen leuk onderwerp. Maar om de informatie rond NESARA een beetje compleet te krijgen, is het nodig dat de waarheid [&hellip;]","og_url":"https:\/\/nesara.nl\/info\/de-nieuwe-wereldorde\/","og_site_name":"Nesara","article_modified_time":"2014-05-30T14:13:25+00:00","og_image":[{"width":1175,"height":400,"url":"https:\/\/i0.wp.com\/nesara.nl\/info\/wp-content\/uploads\/2018\/08\/horizon.jpg?fit=1175%2C400&ssl=1","type":"image\/jpeg"}],"twitter_card":"summary_large_image","twitter_site":"@n_e_s_a_r_a","twitter_misc":{"Geschatte leestijd":"9 minuten"},"schema":{"@context":"https:\/\/schema.org","@graph":[{"@type":"WebPage","@id":"https:\/\/nesara.nl\/info\/de-nieuwe-wereldorde\/","url":"https:\/\/nesara.nl\/info\/de-nieuwe-wereldorde\/","name":"De Nieuwe Wereldorde - Nesara","isPartOf":{"@id":"https:\/\/nesara.nl\/info\/#website"},"datePublished":"2014-05-30T13:36:56+00:00","dateModified":"2014-05-30T14:13:25+00:00","breadcrumb":{"@id":"https:\/\/nesara.nl\/info\/de-nieuwe-wereldorde\/#breadcrumb"},"inLanguage":"nl-NL","potentialAction":[{"@type":"ReadAction","target":["https:\/\/nesara.nl\/info\/de-nieuwe-wereldorde\/"]}]},{"@type":"BreadcrumbList","@id":"https:\/\/nesara.nl\/info\/de-nieuwe-wereldorde\/#breadcrumb","itemListElement":[{"@type":"ListItem","position":1,"name":"Home","item":"https:\/\/nesara.nl\/info\/"},{"@type":"ListItem","position":2,"name":"De Nieuwe Wereldorde"}]},{"@type":"WebSite","@id":"https:\/\/nesara.nl\/info\/#website","url":"https:\/\/nesara.nl\/info\/","name":"Nesara","description":"National Economic Security and Reformation Act","potentialAction":[{"@type":"SearchAction","target":{"@type":"EntryPoint","urlTemplate":"https:\/\/nesara.nl\/info\/?s={search_term_string}"},"query-input":{"@type":"PropertyValueSpecification","valueRequired":true,"valueName":"search_term_string"}}],"inLanguage":"nl-NL"}]}},"jetpack_sharing_enabled":true,"jetpack_shortlink":"https:\/\/wp.me\/P8lBuJ-x","jetpack-related-posts":[{"id":35,"url":"https:\/\/nesara.nl\/info\/over-deze-site\/","url_meta":{"origin":33,"position":0},"title":"Over deze site","author":"moerasgeest","date":"mei 30, 2014","format":false,"excerpt":"De bedoeling van deze website is om duidelijke informatie te geven over NESARA in de Nederlandse taal. De site is oorspronkelijk een Nederlandstalige en Nederlandse site, ook al is het domein nesara.be. Dit komt omdat ten tijde van het registreren van het nesara domein het .nl domein al geregistreerd was.\u2026","rel":"","context":"Soortgelijk bericht","block_context":{"text":"Soortgelijk bericht","link":""},"img":{"alt_text":"","src":"file:\/\/\/B:\/webpub\/nesara\/images\/robin.jpg","width":350,"height":200},"classes":[]},{"id":14,"url":"https:\/\/nesara.nl\/info\/dove-of-oneness\/","url_meta":{"origin":33,"position":1},"title":"Dove of Oneness","author":"moerasgeest","date":"mei 30, 2014","format":false,"excerpt":"(Duif van Eenheid) Ondanks de geheimhouding rond NESARA was er \u05d9\u05d9n persoon, die informatie ontving over deze zaken en die niet onder de zwijgplicht valt, omdat zij geen officieel persoon is. Deze vrouw noemt zich Dove of Oneness, haar ware identiteit houdt zij terecht geheim. In het najaar van 1999\u2026","rel":"","context":"Soortgelijk bericht","block_context":{"text":"Soortgelijk bericht","link":""},"img":{"alt_text":"","src":"","width":0,"height":0},"classes":[]},{"id":26,"url":"https:\/\/nesara.nl\/info\/de-grondwet-van-de-v-s\/inkomstenbelasting-vs-de-federal-reserve-bank\/","url_meta":{"origin":33,"position":2},"title":"Inkomstenbelasting vs. De Federal Reserve Bank","author":"moerasgeest","date":"mei 30, 2014","format":false,"excerpt":"Toen Engeland de oorlog met de Amerikanen verloor (die eigenlijk vochten tegen hun eigen overheid), maakten ze wel plannen om het banksysteem, het drukken van geld en de nationale schuld onder hun controle te houden. De nieuwe Statenbond moest dan ook - bij decreet - jaarlijks een bedrag afdragen aan\u2026","rel":"","context":"Soortgelijk bericht","block_context":{"text":"Soortgelijk bericht","link":""},"img":{"alt_text":"","src":"","width":0,"height":0},"classes":[]},{"id":18,"url":"https:\/\/nesara.nl\/info\/de-grondwet-van-de-v-s\/","url_meta":{"origin":33,"position":3},"title":"De Grondwet van de V.S.","author":"moerasgeest","date":"mei 30, 2014","format":false,"excerpt":"In 1933 kondigde president Roosevelt de Nationale Noodtoestand af. Het was de tijd van de grote economische crisis; 13 miljoen Amerikanen waren werkloos. Vanaf dat moment gold de Grondwet niet langer volledig en daardoor werd in feite elke Amerikaan gezien als vijand van de overheid. Dat uitte zich in o.a.\u2026","rel":"","context":"Soortgelijk bericht","block_context":{"text":"Soortgelijk bericht","link":""},"img":{"alt_text":"","src":"","width":0,"height":0},"classes":[]},{"id":16,"url":"https:\/\/nesara.nl\/info\/welvaartsprogrammas\/","url_meta":{"origin":33,"position":4},"title":"Welvaartsprogramma&#8217;s","author":"moerasgeest","date":"mei 30, 2014","format":false,"excerpt":"De humanitaire welvaartsprogramma's zijn een belangrijk onderdeel geworden van NESARA, en die er voor zorgen dat het vele geld dat beschikbaar komt onder de nieuwe wet, instroomt in de wereldeconomie , zodat alle wereldburgers er in gelijke mate van kunnen profiteren. Oorspronkelijk gaat het hier om twee zaken: de NESARA-wet,\u2026","rel":"","context":"Soortgelijk bericht","block_context":{"text":"Soortgelijk bericht","link":""},"img":{"alt_text":"","src":"","width":0,"height":0},"classes":[]},{"id":38,"url":"https:\/\/nesara.nl\/info\/welvaartsprogrammas\/de-world-trust-en-saint-germain\/","url_meta":{"origin":33,"position":5},"title":"De World Trust en Saint Germain\u00a0","author":"moerasgeest","date":"mei 30, 2014","format":false,"excerpt":"Dit hoofdstuk is een vervolg op \"Welvaartsprogramma's\" en het is aan te raden dat eerst te lezen. De \"World Trust\" is de oudste fondsvormingorganisatie ter wereld en staat daarmee aan de top van alle dergelijke groot-geld-fondsen . (zoals daar zijn de Vaticaan Trust, de Franse Trust e.a.) De oprichter van\u2026","rel":"","context":"Soortgelijk bericht","block_context":{"text":"Soortgelijk bericht","link":""},"img":{"alt_text":"sgermain","src":"https:\/\/i0.wp.com\/nesara.nl\/info\/wp-content\/uploads\/2014\/05\/sgermain.jpg?resize=350%2C200&ssl=1","width":350,"height":200},"classes":[]}],"_links":{"self":[{"href":"https:\/\/nesara.nl\/info\/wp-json\/wp\/v2\/pages\/33","targetHints":{"allow":["GET"]}}],"collection":[{"href":"https:\/\/nesara.nl\/info\/wp-json\/wp\/v2\/pages"}],"about":[{"href":"https:\/\/nesara.nl\/info\/wp-json\/wp\/v2\/types\/page"}],"author":[{"embeddable":true,"href":"https:\/\/nesara.nl\/info\/wp-json\/wp\/v2\/users\/2"}],"replies":[{"embeddable":true,"href":"https:\/\/nesara.nl\/info\/wp-json\/wp\/v2\/comments?post=33"}],"version-history":[{"count":3,"href":"https:\/\/nesara.nl\/info\/wp-json\/wp\/v2\/pages\/33\/revisions"}],"predecessor-version":[{"id":76,"href":"https:\/\/nesara.nl\/info\/wp-json\/wp\/v2\/pages\/33\/revisions\/76"}],"wp:attachment":[{"href":"https:\/\/nesara.nl\/info\/wp-json\/wp\/v2\/media?parent=33"}],"curies":[{"name":"wp","href":"https:\/\/api.w.org\/{rel}","templated":true}]}}