{"id":24,"date":"2014-05-30T13:29:45","date_gmt":"2014-05-30T13:29:45","guid":{"rendered":"http:\/\/nesara.nl\/info\/?page_id=24"},"modified":"2014-05-30T13:43:37","modified_gmt":"2014-05-30T13:43:37","slug":"galactische-federatie","status":"publish","type":"page","link":"https:\/\/nesara.nl\/info\/welvaartsprogrammas\/galactische-federatie\/","title":{"rendered":"Galactische Federatie"},"content":{"rendered":"<p>Opiniepeilingen in de V.S. laten zien dat 60 &#8211; 72 procent van de mensen geloven dat er intelligent leven is op andere planeten en velen geloven dat deze wezens zelfs intelligenter zijn dan wij. Volgens het Marist Instituut voor Public Opinion, die een onderzoek hield in 1997, geloven velen dat onze galactische buren eerder vriendelijk dan vijandig zijn. Verder denkt 80 % van de Amerikanen in dit onderzoek dat de overheid kennis van en over buitenaardsen verborgen houdt. CNN publiceerde een Gallup Peiling in september 1996, die uitwees dat beter opgeleide mensen zich er goed van bewust zijn dat er intelligent leven is elders in het universum. 66 % van de hoogopgeleiden gelooft in UFO&#8217;s. Als je het vergelijkt met het percentage stemmen dat Bush kreeg bij zijn verkiezingen ( 47,87%) dan voelen de meeste Amerikanen zich meer vertrouwd met de gedachte aan buitenaardse intelligente levensvormen dan met de gedachte aan Bush.<\/p>\n<p>Nu zijn Nederlanders een nuchter volkje. Het is ons niet bekend of hier te lande &#8211; of ook in Belgi\u00eb &#8211; zulk onderzoek is verricht. Maar dat er mensen zijn die zich hier mee bezig houden, blijkt wel als we het Internet bekijken. De site <a href=\"http:\/\/www.evolutiesprong.com\" target=\"_blank\">www.evolutiesprong.com<\/a>\u00a0 bijvoorbeeld maakt melding van de <i> Galactische Federatie<\/i> en schrijft ook over het <a href=\"http:\/\/www.disclosureproject.com\" target=\"_blank\"><i>Disclosure-<\/i>project<\/a>. Het eerste gaat over het werk van Sheldon Nidle, die zegt te spreken als afgevaardigde van deze Interstellaire Federatie van Werelden, die onze strijd om gerechtigheid op aarde waarnemen en ons graag zouden willen helpen. Het Rapport <i> Ontmaskering<\/i> van Dr. Stephen Greer maakt melding van vele UFO-waarnemingen en contacten met buitenaardsen door Amerikaanse Militaire instanties en het in de doorpot stoppen ervan.<\/p>\n<p>Wat heeft dit alles nu te maken met NESARA? Is dit soms ook een buitenaards project? Nee. NESARA is geheel tot stand gekomen zoals wij op deze site hebben beschreven (zie <a href=\"file:\/\/\/B:\/webpub\/nesara\/nl\/geschiedenis.htm\">Geschiedenis<\/a>) Het is een moeilijke, zware, bevalling. Degene die zich\u00a0 <a href=\"file:\/\/\/B:\/webpub\/nesara\/nl\/dove.htm\">Dove<\/a> noemt vermeldt in haar dagelijkse verslagen vaak de tegenstand die troepen van de <a href=\"file:\/\/\/B:\/webpub\/nesara\/nl\/illuminatie.htm\"> Illuminati<\/a> bieden om de talloze pogingen tot afkondiging te blokkeren. Er is echter \u00e9\u00e9n gerealiseerd en verlicht menselijk wezen, die zich speciaal bezig houdt met het begeleiden van de Witte Ridders en dat is de al eerder genoemde Saint Germain. (zie <a href=\"file:\/\/\/B:\/webpub\/nesara\/nl\/worldtrust.htm\"> World Trust<\/a>). En deze St.Germain heeft toegang tot andere werelden, waarin zich intelligente levensvormen bevinden, komende uit andere zonnestelsels, die zich verbonden voelen met de mens op aarde. Deze <i> goedwillende Krachten<\/i>, zoals Dove hen noemt, hebben tot hun beschikking tal van technologie\u00ebn, die meer geavanceerd zijn dan die van de Illuminati, en zij zijn bereid die in te zetten om het voortgangsproces van NESARA te steunen. Technologie\u00ebn bijvoorbeeld die Witte Ridders kunnen beschermen, onzichtbaar maken, verplaatsen, en dergelijke. <b><i> Maar\u2026<\/i><\/b> de Witte Ridders moeten er om <b><i>vr\u00e1gen<\/i><\/b>. Deze goedwillende krachten hebben \u00e9\u00e9n belangrijke code: ze mogen niet ingaan tegen onze vrije wil. Ze mogen niet interveni\u00ebren in onze aardse aangelegenheden als wij daar niet nadrukkelijk om vragen.<\/p>\n<p>Het lijkt <i> Startrek<\/i> wel, nietwaar? Nou dat is niet zo&#8217;n gekke gedachte. Sinds een aantal decennia zijn er vele pogingen gedaan om bepaalde contacten met buitenaardsen op te roepen via paranormale technieken, zoals hypnose. Zo iemand was Dr. Puharich, die de initiator werd van het werk van het diep-trance medium Phyllis Schlemmer &#8211; van het boek: &#8220;Aarde &#8211; de enige planeet van keuze&#8221;. Phyllis werd door Puharich onder hypnose gebracht en dat produceerde een contact met een groep die zich noemde &#8220;De Negen&#8221;. Er waren steeds toehoorders bij de sessies die Phyllis had met de Negen. E\u00e9n van de toehoorders was <i> Gene Roddenberry<\/i>, de latere creator van de serie Startrek .Als je &#8217;t weet, zie je de overeenkomsten.<\/p>\n<p>Maar er zijn ook verschillen. In <i> Startrek<\/i> worden alle space-exploraties uitgevoerd vanuit de aarde en het is de Aardse regering die overeenkomsten sluit en allianties vormt met andere volkeren. In werkelijkheid is het net andersom. Het lijkt erop dat de aarde en haar zonnestelsel \u00e9\u00e9n van <i> de laatsten<\/i> is om zich aan te sluiten bij de Galactische Federatie. Dat wil zeggen: dat moet nog steeds plaatsvinden en dat kan pas als wij er ons allemaal van <i> bewust<\/i> zijn, dat er inderd\u00e1\u00e1d andere intelligenties zijn elders in het universum. Dan pas kunnen wij het desgewenst als onze vrije wil uitspreken dat wij met hen een alliantie willen. Onze overheden houden hun buitenaardse contacten geheim, want dat zou hun macht in gevaar brengen.<\/p>\n<p>De Witte Ridders hoeven maar te vragen om interventie en dan kunnen we NESARA <i> morgen<\/i> hebben. Maar ze doen het nog steeds niet. Vandaar dat van ons actie wordt gevraagd. We kunnen iets doen &#8211; we zijn niet machteloos!<\/p>\n<p><a href=\"file:\/\/\/B:\/webpub\/nesara\/cms\/content_list.asp?contentid=114&amp;contenttypeid=3\"> Lees het Dove-rapport van 22 oktober<\/a> j.l. in het Nederlands op deze site.<\/p>\n<p>Andere sites met verwante onderwerpen:<\/p>\n<ul>\n<li><a href=\"http:\/\/www.DisclosureProject.org\" target=\"new\">www.DisclosureProject.org<\/a><\/li>\n<li><a href=\"http:\/\/www.paoweb.com\" target=\"new\">www.paoweb.com<\/a><\/li>\n<li><a href=\"http:\/\/www.ufowijzer.nl\" target=\"new\">www.ufowijzer.nl<\/a><\/li>\n<li><a href=\"http:\/\/www.lettersfromandromeda.com\" target=\"new\">www.lettersfromadromeda.com<\/a><\/li>\n<li><a href=\"http:\/\/www.niburu.nl\" target=\"new\">www.niburu.nl<\/a><\/li>\n<li><a href=\"http:\/\/www.drboylan.com\" target=\"new\">www.drboylan.com<\/a><\/li>\n<li><a href=\"http:\/\/www.eceti.org\" target=\"new\">www.eceti.org<\/a><\/li>\n<li><a href=\"http:\/\/www.wingmakers.com\" target=\"new\">www.wingmakers.com<\/a><\/li>\n<li><a href=\"http:\/\/www.nibiruancouncil.com\" target=\"new\">www.nibiruancouncil.com<\/a><\/li>\n<\/ul>\n<p>Het feit dat we deze websites vermelden, betekent niet altijd dat we het met de inhoud eens zijn.<\/p>\n","protected":false},"excerpt":{"rendered":"<p>Opiniepeilingen in de V.S. laten zien dat 60 &#8211; 72 procent van de mensen geloven dat er intelligent leven is op andere planeten en velen geloven dat deze wezens zelfs <a href=\"https:\/\/nesara.nl\/info\/welvaartsprogrammas\/galactische-federatie\/\" class=\"more-link\">[&hellip;]<\/a><\/p>\n","protected":false},"author":2,"featured_media":0,"parent":16,"menu_order":0,"comment_status":"closed","ping_status":"closed","template":"","meta":{"Layout":"","jetpack_post_was_ever_published":false,"footnotes":""},"class_list":["entry","author-moerasgeest","post-24","page","type-page","status-publish"],"yoast_head":"<!-- This site is optimized with the Yoast SEO plugin v27.4 - https:\/\/yoast.com\/product\/yoast-seo-wordpress\/ -->\n<title>Galactische Federatie - Nesara<\/title>\n<meta name=\"robots\" content=\"index, follow, max-snippet:-1, max-image-preview:large, max-video-preview:-1\" \/>\n<link rel=\"canonical\" href=\"https:\/\/nesara.nl\/info\/welvaartsprogrammas\/galactische-federatie\/\" \/>\n<meta property=\"og:locale\" content=\"nl_NL\" \/>\n<meta property=\"og:type\" content=\"article\" \/>\n<meta property=\"og:title\" content=\"Galactische Federatie - Nesara\" \/>\n<meta property=\"og:description\" content=\"Opiniepeilingen in de V.S. laten zien dat 60 &#8211; 72 procent van de mensen geloven dat er intelligent leven is op andere planeten en velen geloven dat deze wezens zelfs [&hellip;]\" \/>\n<meta property=\"og:url\" content=\"https:\/\/nesara.nl\/info\/welvaartsprogrammas\/galactische-federatie\/\" \/>\n<meta property=\"og:site_name\" content=\"Nesara\" \/>\n<meta property=\"article:modified_time\" content=\"2014-05-30T13:43:37+00:00\" \/>\n<meta property=\"og:image\" content=\"https:\/\/i0.wp.com\/nesara.nl\/info\/wp-content\/uploads\/2018\/08\/horizon.jpg?fit=1175%2C400&ssl=1\" \/>\n\t<meta property=\"og:image:width\" content=\"1175\" \/>\n\t<meta property=\"og:image:height\" content=\"400\" \/>\n\t<meta property=\"og:image:type\" content=\"image\/jpeg\" \/>\n<meta name=\"twitter:card\" content=\"summary_large_image\" \/>\n<meta name=\"twitter:site\" content=\"@n_e_s_a_r_a\" \/>\n<meta name=\"twitter:label1\" content=\"Geschatte leestijd\" \/>\n\t<meta name=\"twitter:data1\" content=\"4 minuten\" \/>\n<script type=\"application\/ld+json\" class=\"yoast-schema-graph\">{\"@context\":\"https:\\\/\\\/schema.org\",\"@graph\":[{\"@type\":\"WebPage\",\"@id\":\"https:\\\/\\\/nesara.nl\\\/info\\\/welvaartsprogrammas\\\/galactische-federatie\\\/\",\"url\":\"https:\\\/\\\/nesara.nl\\\/info\\\/welvaartsprogrammas\\\/galactische-federatie\\\/\",\"name\":\"Galactische Federatie - Nesara\",\"isPartOf\":{\"@id\":\"https:\\\/\\\/nesara.nl\\\/info\\\/#website\"},\"datePublished\":\"2014-05-30T13:29:45+00:00\",\"dateModified\":\"2014-05-30T13:43:37+00:00\",\"breadcrumb\":{\"@id\":\"https:\\\/\\\/nesara.nl\\\/info\\\/welvaartsprogrammas\\\/galactische-federatie\\\/#breadcrumb\"},\"inLanguage\":\"nl-NL\",\"potentialAction\":[{\"@type\":\"ReadAction\",\"target\":[\"https:\\\/\\\/nesara.nl\\\/info\\\/welvaartsprogrammas\\\/galactische-federatie\\\/\"]}]},{\"@type\":\"BreadcrumbList\",\"@id\":\"https:\\\/\\\/nesara.nl\\\/info\\\/welvaartsprogrammas\\\/galactische-federatie\\\/#breadcrumb\",\"itemListElement\":[{\"@type\":\"ListItem\",\"position\":1,\"name\":\"Home\",\"item\":\"https:\\\/\\\/nesara.nl\\\/info\\\/\"},{\"@type\":\"ListItem\",\"position\":2,\"name\":\"Welvaartsprogramma&#8217;s\",\"item\":\"https:\\\/\\\/nesara.nl\\\/info\\\/welvaartsprogrammas\\\/\"},{\"@type\":\"ListItem\",\"position\":3,\"name\":\"Galactische Federatie\"}]},{\"@type\":\"WebSite\",\"@id\":\"https:\\\/\\\/nesara.nl\\\/info\\\/#website\",\"url\":\"https:\\\/\\\/nesara.nl\\\/info\\\/\",\"name\":\"Nesara\",\"description\":\"National Economic Security and Reformation Act\",\"potentialAction\":[{\"@type\":\"SearchAction\",\"target\":{\"@type\":\"EntryPoint\",\"urlTemplate\":\"https:\\\/\\\/nesara.nl\\\/info\\\/?s={search_term_string}\"},\"query-input\":{\"@type\":\"PropertyValueSpecification\",\"valueRequired\":true,\"valueName\":\"search_term_string\"}}],\"inLanguage\":\"nl-NL\"}]}<\/script>\n<!-- \/ Yoast SEO plugin. -->","yoast_head_json":{"title":"Galactische Federatie - Nesara","robots":{"index":"index","follow":"follow","max-snippet":"max-snippet:-1","max-image-preview":"max-image-preview:large","max-video-preview":"max-video-preview:-1"},"canonical":"https:\/\/nesara.nl\/info\/welvaartsprogrammas\/galactische-federatie\/","og_locale":"nl_NL","og_type":"article","og_title":"Galactische Federatie - Nesara","og_description":"Opiniepeilingen in de V.S. laten zien dat 60 &#8211; 72 procent van de mensen geloven dat er intelligent leven is op andere planeten en velen geloven dat deze wezens zelfs [&hellip;]","og_url":"https:\/\/nesara.nl\/info\/welvaartsprogrammas\/galactische-federatie\/","og_site_name":"Nesara","article_modified_time":"2014-05-30T13:43:37+00:00","og_image":[{"width":1175,"height":400,"url":"https:\/\/i0.wp.com\/nesara.nl\/info\/wp-content\/uploads\/2018\/08\/horizon.jpg?fit=1175%2C400&ssl=1","type":"image\/jpeg"}],"twitter_card":"summary_large_image","twitter_site":"@n_e_s_a_r_a","twitter_misc":{"Geschatte leestijd":"4 minuten"},"schema":{"@context":"https:\/\/schema.org","@graph":[{"@type":"WebPage","@id":"https:\/\/nesara.nl\/info\/welvaartsprogrammas\/galactische-federatie\/","url":"https:\/\/nesara.nl\/info\/welvaartsprogrammas\/galactische-federatie\/","name":"Galactische Federatie - Nesara","isPartOf":{"@id":"https:\/\/nesara.nl\/info\/#website"},"datePublished":"2014-05-30T13:29:45+00:00","dateModified":"2014-05-30T13:43:37+00:00","breadcrumb":{"@id":"https:\/\/nesara.nl\/info\/welvaartsprogrammas\/galactische-federatie\/#breadcrumb"},"inLanguage":"nl-NL","potentialAction":[{"@type":"ReadAction","target":["https:\/\/nesara.nl\/info\/welvaartsprogrammas\/galactische-federatie\/"]}]},{"@type":"BreadcrumbList","@id":"https:\/\/nesara.nl\/info\/welvaartsprogrammas\/galactische-federatie\/#breadcrumb","itemListElement":[{"@type":"ListItem","position":1,"name":"Home","item":"https:\/\/nesara.nl\/info\/"},{"@type":"ListItem","position":2,"name":"Welvaartsprogramma&#8217;s","item":"https:\/\/nesara.nl\/info\/welvaartsprogrammas\/"},{"@type":"ListItem","position":3,"name":"Galactische Federatie"}]},{"@type":"WebSite","@id":"https:\/\/nesara.nl\/info\/#website","url":"https:\/\/nesara.nl\/info\/","name":"Nesara","description":"National Economic Security and Reformation Act","potentialAction":[{"@type":"SearchAction","target":{"@type":"EntryPoint","urlTemplate":"https:\/\/nesara.nl\/info\/?s={search_term_string}"},"query-input":{"@type":"PropertyValueSpecification","valueRequired":true,"valueName":"search_term_string"}}],"inLanguage":"nl-NL"}]}},"jetpack_sharing_enabled":true,"jetpack_shortlink":"https:\/\/wp.me\/P8lBuJ-o","jetpack-related-posts":[{"id":18,"url":"https:\/\/nesara.nl\/info\/de-grondwet-van-de-v-s\/","url_meta":{"origin":24,"position":0},"title":"De Grondwet van de V.S.","author":"moerasgeest","date":"mei 30, 2014","format":false,"excerpt":"In 1933 kondigde president Roosevelt de Nationale Noodtoestand af. Het was de tijd van de grote economische crisis; 13 miljoen Amerikanen waren werkloos. Vanaf dat moment gold de Grondwet niet langer volledig en daardoor werd in feite elke Amerikaan gezien als vijand van de overheid. Dat uitte zich in o.a.\u2026","rel":"","context":"Soortgelijk bericht","block_context":{"text":"Soortgelijk bericht","link":""},"img":{"alt_text":"","src":"","width":0,"height":0},"classes":[]},{"id":38,"url":"https:\/\/nesara.nl\/info\/welvaartsprogrammas\/de-world-trust-en-saint-germain\/","url_meta":{"origin":24,"position":1},"title":"De World Trust en Saint Germain\u00a0","author":"moerasgeest","date":"mei 30, 2014","format":false,"excerpt":"Dit hoofdstuk is een vervolg op \"Welvaartsprogramma's\" en het is aan te raden dat eerst te lezen. De \"World Trust\" is de oudste fondsvormingorganisatie ter wereld en staat daarmee aan de top van alle dergelijke groot-geld-fondsen . (zoals daar zijn de Vaticaan Trust, de Franse Trust e.a.) De oprichter van\u2026","rel":"","context":"Soortgelijk bericht","block_context":{"text":"Soortgelijk bericht","link":""},"img":{"alt_text":"sgermain","src":"https:\/\/i0.wp.com\/nesara.nl\/info\/wp-content\/uploads\/2014\/05\/sgermain.jpg?resize=350%2C200&ssl=1","width":350,"height":200},"classes":[]},{"id":16,"url":"https:\/\/nesara.nl\/info\/welvaartsprogrammas\/","url_meta":{"origin":24,"position":2},"title":"Welvaartsprogramma&#8217;s","author":"moerasgeest","date":"mei 30, 2014","format":false,"excerpt":"De humanitaire welvaartsprogramma's zijn een belangrijk onderdeel geworden van NESARA, en die er voor zorgen dat het vele geld dat beschikbaar komt onder de nieuwe wet, instroomt in de wereldeconomie , zodat alle wereldburgers er in gelijke mate van kunnen profiteren. Oorspronkelijk gaat het hier om twee zaken: de NESARA-wet,\u2026","rel":"","context":"Soortgelijk bericht","block_context":{"text":"Soortgelijk bericht","link":""},"img":{"alt_text":"","src":"","width":0,"height":0},"classes":[]},{"id":28,"url":"https:\/\/nesara.nl\/info\/de-nieuwe-wereldorde\/911-en-de-mannen-van-het-pnac\/","url_meta":{"origin":24,"position":3},"title":"9\/11 en de mannen van het PNAC","author":"moerasgeest","date":"mei 30, 2014","format":false,"excerpt":"Onderstaande kan gemakkelijk door sommigen afgedaan worden als een \"complottheorie\". Het zij zo. Maar er komen zo langzamerhand een aantal merkwaardige gegevens boven tafel, die tot nadenken stemmen. In de presidentsperiode van Ronald Reagan (1981 - 1989), komen aan aantal mannen bijeen en vormen een clubje, de P.N.A.C., the Project\u2026","rel":"","context":"Soortgelijk bericht","block_context":{"text":"Soortgelijk bericht","link":""},"img":{"alt_text":"","src":"","width":0,"height":0},"classes":[]},{"id":10,"url":"https:\/\/nesara.nl\/info\/zwijgplicht\/","url_meta":{"origin":24,"position":4},"title":"Zwijgplicht","author":"moerasgeest","date":"mei 30, 2014","format":false,"excerpt":"\"Als NESARA dan zo belangrijk is, waarom hebben we er dan nog nooit over gehoord?\" vragen velen. Welnu, daar is een reden voor. Het Hooggerechtshof van de Verenigde Staten bepaalde dat alles met betrekking tot deze wet geheim moest blijven, totdat de correcties inzake de belastingen, de veranderingen in het\u2026","rel":"","context":"Soortgelijk bericht","block_context":{"text":"Soortgelijk bericht","link":""},"img":{"alt_text":"","src":"","width":0,"height":0},"classes":[]},{"id":12,"url":"https:\/\/nesara.nl\/info\/gevolgen-van-nesara\/","url_meta":{"origin":24,"position":5},"title":"Gevolgen van NESARA","author":"moerasgeest","date":"mei 30, 2014","format":false,"excerpt":"De gevolgen van NESARA voor de Amerikanen hebben we al beschreven op de startpagina van onze site. Hier wil ik ingaan op de specifieke effecten van NESARA in de rest van de wereld, dus ook bij ons. Ik put hiervoor uit o.a. het Dove-verslag van 12 september 2003. In de\u2026","rel":"","context":"Soortgelijk bericht","block_context":{"text":"Soortgelijk bericht","link":""},"img":{"alt_text":"","src":"","width":0,"height":0},"classes":[]}],"_links":{"self":[{"href":"https:\/\/nesara.nl\/info\/wp-json\/wp\/v2\/pages\/24","targetHints":{"allow":["GET"]}}],"collection":[{"href":"https:\/\/nesara.nl\/info\/wp-json\/wp\/v2\/pages"}],"about":[{"href":"https:\/\/nesara.nl\/info\/wp-json\/wp\/v2\/types\/page"}],"author":[{"embeddable":true,"href":"https:\/\/nesara.nl\/info\/wp-json\/wp\/v2\/users\/2"}],"replies":[{"embeddable":true,"href":"https:\/\/nesara.nl\/info\/wp-json\/wp\/v2\/comments?post=24"}],"version-history":[{"count":1,"href":"https:\/\/nesara.nl\/info\/wp-json\/wp\/v2\/pages\/24\/revisions"}],"predecessor-version":[{"id":25,"href":"https:\/\/nesara.nl\/info\/wp-json\/wp\/v2\/pages\/24\/revisions\/25"}],"up":[{"embeddable":true,"href":"https:\/\/nesara.nl\/info\/wp-json\/wp\/v2\/pages\/16"}],"wp:attachment":[{"href":"https:\/\/nesara.nl\/info\/wp-json\/wp\/v2\/media?parent=24"}],"curies":[{"name":"wp","href":"https:\/\/api.w.org\/{rel}","templated":true}]}}